{"id":3535,"date":"2022-12-07T17:01:48","date_gmt":"2022-12-07T17:01:48","guid":{"rendered":"http:\/\/oxygenyachting.com\/?page_id=3535"},"modified":"2022-12-11T12:25:58","modified_gmt":"2022-12-11T12:25:58","slug":"privacy-policy-2","status":"publish","type":"page","link":"https:\/\/oxygenyachting.com\/?page_id=3535&lang=en","title":{"rendered":"Privacy Policy"},"content":{"rendered":"<p>[vc_row enable_surfer_icon=&#8221;yes&#8221; css=&#8221;.vc_custom_1670172558832{padding-top: 60px !important;background-image: url(https:\/\/waveride.qodeinteractive.com\/wp-content\/uploads\/2020\/01\/h1-background-img-3.jpg?id=182) !important;background-position: center !important;background-repeat: no-repeat !important;background-size: cover !important;}&#8221;][vc_column]<div class=\"qodef-elements-holder   qodef-one-column  qodef-responsive-mode-768 \" ><div class=\"qodef-eh-item    \"  data-item-class=\"qodef-eh-custom-4622\" data-1400-1600=\"0 24%\" data-1025-1399=\"0 23%\" data-769-1024=\"0 18%\" data-681-768=\"0 13%\" data-680=\"0 10%\">\n\t<div class=\"qodef-eh-item-inner\">\n\t\t<div class=\"qodef-eh-item-content qodef-eh-custom-4622\" style=\"padding: 0 31%\">\n\t\t\t<div class=\"qodef-section-title-holder  \" style=\"text-align: center\">\n\t<div class=\"qodef-st-inner\">\n        \t\t\t\t\t<h1 class=\"qodef-st-title\" >\n\t\t\t\tWe Create\t\t\t<\/h1>\n\t\t        \t\t\t\t\t<\/div>\n<\/div>\t\t<\/div>\n\t<\/div>\n<\/div><\/div>[vc_row_inner css=&#8221;.vc_custom_1670055327218{padding-top: 35px !important;padding-bottom: 25px !important;}&#8221; el_class=&#8221;qodef-iwt-animation&#8221;][vc_column_inner width=&#8221;1\/2&#8243; offset=&#8221;vc_col-lg-3 vc_col-md-6&#8243;]<div class=\"qodef-elements-holder   qodef-one-column  qodef-responsive-mode-768 \" ><div class=\"qodef-eh-item    \"  data-item-class=\"qodef-eh-custom-4724\" data-1400-1600=\"0 5%\" data-1025-1399=\"0 0 0 0\" data-769-1024=\"0 14%\" data-681-768=\"0 11%\" data-680=\"60px 5% 0\">\n\t<div class=\"qodef-eh-item-inner\">\n\t\t<div class=\"qodef-eh-item-content qodef-eh-custom-4724\" style=\"padding: 0 7%\">\n\t\t\t<div class=\"qodef-image-with-text-holder   qodef-image-behavior-zoom qodef-iwt-text-align-center\">\n    <div class=\"qodef-iwt-image\">\n                                    <img loading=\"lazy\" decoding=\"async\" width=\"36\" height=\"36\" src=\"https:\/\/oxygenyachting.com\/wp-content\/uploads\/2020\/02\/lan-rev-2-img-3.png\" class=\"attachment-full size-full\" alt=\"a\" \/>                        <\/div>\n    <div class=\"qodef-iwt-text-holder\">\n                            <h4 class=\"qodef-iwt-title\" style=\"margin-top: 12px\">\n                <span class=\"qodef-iwt-title-background-text\">\n                                    <\/span>\n                TAILORMADE JOURNEYS            <\/h4>\n        \t\t            <p class=\"qodef-iwt-text\" style=\"margin-top: 9px\">Our guests can enjoy luxurious getaways with high standards, thanks to our detailed and customized trips.<\/p>\n            <\/div>\n<\/div>\t\t<\/div>\n\t<\/div>\n<\/div><\/div>[\/vc_column_inner][vc_column_inner width=&#8221;1\/2&#8243; offset=&#8221;vc_col-lg-3 vc_col-md-6&#8243;]<div class=\"qodef-elements-holder   qodef-one-column  qodef-responsive-mode-768 \" ><div class=\"qodef-eh-item    \"  data-item-class=\"qodef-eh-custom-4237\" data-1400-1600=\"0 5%\" data-1025-1399=\"0 0 0 0\" data-769-1024=\"0 14%\" data-681-768=\"0 10%\" data-680=\"70px 5% 0\">\n\t<div class=\"qodef-eh-item-inner\">\n\t\t<div class=\"qodef-eh-item-content qodef-eh-custom-4237\" style=\"padding: 0 7%\">\n\t\t\t<div class=\"qodef-image-with-text-holder    qodef-iwt-text-align-center\">\n    <div class=\"qodef-iwt-image\">\n                                    <img loading=\"lazy\" decoding=\"async\" width=\"36\" height=\"36\" src=\"https:\/\/oxygenyachting.com\/wp-content\/uploads\/2020\/02\/lan-rev-2-img-3.png\" class=\"attachment-full size-full\" alt=\"a\" \/>                        <\/div>\n    <div class=\"qodef-iwt-text-holder\">\n                            <h4 class=\"qodef-iwt-title\" style=\"margin-top: 12px\">\n                <span class=\"qodef-iwt-title-background-text\">\n                                    <\/span>\n                IN EXCEPTIONAL ROUTES            <\/h4>\n        \t\t            <p class=\"qodef-iwt-text\" style=\"margin-top: 9px\">We create remarkable itineraries in distinctive places that provide authentic experiences and hidden treasures.<\/p>\n            <\/div>\n<\/div>\t\t<\/div>\n\t<\/div>\n<\/div><\/div>[\/vc_column_inner][vc_column_inner width=&#8221;1\/2&#8243; offset=&#8221;vc_col-lg-3 vc_col-md-6&#8243;]<div class=\"qodef-elements-holder   qodef-on&lt;br \/&gt;\ne-column  qodef-responsive-mode-768 \" ><div class=\"qodef-eh-item    \"  data-item-class=\"qodef-eh-custom-7958\" data-1400-1600=\"0 5%\" data-1025-1399=\"0 0 0 0\" data-769-1024=\"60px 14% 0\" data-681-768=\"60px 11% 0\" data-680=\"70px 5% 0\">\n\t<div class=\"qodef-eh-item-inner\">\n\t\t<div class=\"qodef-eh-item-content qodef-eh-custom-7958\" style=\"padding: 0 7%\">\n\t\t\t<div class=\"qodef-image-with-text-holder    qodef-iwt-text-align-center\">\n    <div class=\"qodef-iwt-image\">\n                                    <img loading=\"lazy\" decoding=\"async\" width=\"36\" height=\"36\" src=\"https:\/\/oxygenyachting.com\/wp-content\/uploads\/2020\/02\/lan-rev-2-img-3.png\" class=\"attachment-full size-full\" alt=\"a\" \/>                        <\/div>\n    <div class=\"qodef-iwt-text-holder\">\n                            <h4 class=\"qodef-iwt-title\" style=\"margin-top: 12px\">\n                <span class=\"qodef-iwt-title-background-text\">\n                                    <\/span>\n                WITH CRAFTED CONCIERGE            <\/h4>\n        \t\t            <p class=\"qodef-iwt-text\" style=\"margin-top: 9px\">Our superior concierge services transform into tailored experiences the moment you make a reservation.<\/p>\n            <\/div>\n<\/div>\t\t<\/div>\n\t<\/div>\n<\/div><\/div>[\/vc_column_inner][vc_column_inner width=&#8221;1\/2&#8243; offset=&#8221;vc_col-lg-3 vc_col-md-6&#8243;]<div class=\"qodef-elements-holder   qodef-one-column  qodef-responsive-mode-768 \" ><div class=\"qodef-eh-item    \"  data-item-class=\"qodef-eh-custom-5993\" data-1400-1600=\"0 5%\" data-1025-1399=\"0 0 0 0\" data-769-1024=\"60px 14% 0\" data-681-768=\"60px 10% 0\" data-680=\"70px 5% 0\">\n\t<div class=\"qodef-eh-item-inner\">\n\t\t<div class=\"qodef-eh-item-content qodef-eh-custom-5993\" style=\"padding: 0 7%\">\n\t\t\t<div class=\"qodef-image-with-text-holder    qodef-iwt-text-align-center\">\n    <div class=\"qodef-iwt-image\">\n                                    <img loading=\"lazy\" decoding=\"async\" width=\"36\" height=\"36\" src=\"https:\/\/oxygenyachting.com\/wp-content\/uploads\/2020\/02\/lan-rev-2-img-3.png\" class=\"attachment-full size-full\" alt=\"a\" \/>                        <\/div>\n    <div class=\"qodef-iwt-text-holder\">\n                            <h4 class=\"qodef-iwt-title\" style=\"margin-top: 12px\">\n                <span class=\"qodef-iwt-title-background-text\">\n                                    <\/span>\n                OF EXCLUSIVE YACHTS            <\/h4>\n        \t\t            <p class=\"qodef-iwt-text\" style=\"margin-top: 9px\">Purchase &amp; Sell. Ground Services &amp; Consultation. All in one with a highly professional &amp; competent team.<\/p>\n            <\/div>\n<\/div>\t\t<\/div>\n\t<\/div>\n<\/div><\/div>[\/vc_column_inner][\/vc_row_inner][\/vc_column][\/vc_row][vc_row content_placement=&#8221;middle&#8221; row_content_width=&#8221;grid&#8221; content_text_aligment=&#8221;center&#8221; css=&#8221;.vc_custom_1670172883080{padding-top: 30px !important;}&#8221; simple_background_color=&#8221;#f9f9f9&#8243;][vc_column][vc_column_text css_animation=&#8221;appear&#8221;]<\/p>\n<h4>PRIVACY POLICY<br \/>\nLast Updated On 10-Oct-2022<br \/>\nEFFECTIVE Date 07-Dec-2021<\/h4>\n<p>This Privacy Policy describes the policies of Oxygen Organizasyon Turizm ve Ticaret A.\u015e., Kumbah\u00e7a Mah. Zeki M\u00fcren Cad. No:17\/1, Bodrum \/ Mu\u011fla 48400, Turkey, email: hello@oxygenyachting.com, phone: +905380440979 on the collection, use and disclosure of your information that we collect when you use our website ( https:\/\/oxygenyachting.com ). (the \u201cService\u201d). By accessing or using the Service, you are consenting to the collection, use and disclosure of your information in accordance with this Privacy Policy. If you do not consent to the same, please do not access or use the Service.<br \/>\nWe may modify this Privacy Policy at any time without any prior notice to you and will post the revised Privacy Policy on the Service. The revised Policy will be effective 180 days from when the revised Policy is posted in the Service and your continued access or use of the Service after such time will constitute your acceptance of the revised Privacy Policy. We therefore recommend that you periodically review this page.<\/p>\n<h5>INFORMATION We Collect:<br \/>\nWe WILL collect and process the FOLLOWING personal INFORMATION about you:<\/h5>\n<p>Name<br \/>\nEmail<br \/>\nMobile<\/p>\n<h5>How We Use Your INFORMATION:<br \/>\nWe WILL use the INFORMATION that we collect about you for the FOLLOWING purposes:<\/h5>\n<p>Marketing\/ Promotional<br \/>\nCustomer feedback collection<br \/>\nSupport<br \/>\nTargeted advertising<br \/>\nManage customer order<\/p>\n<p>If we want to use your information for any other purpose, we will ask you for consent and will use your information only on receiving your consent and then, only for the purpose(s) for which grant consent unless we are required to do otherwise by law.<\/p>\n<p><strong>Retention Of Your Information:<\/strong><br \/>\nWe will retain your personal information with us for 90 days to 2 years after user accounts remain idle or for as long as we need it to fulfill the purposes for which it was collected as detailed in this Privacy Policy. We may need to retain certain information for longer periods such as record-keeping \/ reporting in accordance with applicable law or for other legitimate reasons like enforcement of legal rights, fraud prevention, etc. Residual anonymous information and aggregate information, neither of which identifies you (directly or indirectly), may be stored indefinitely.<\/p>\n<p><strong>Your Rights:<\/strong><br \/>\nDepending on the law that applies, you may have a right to access and rectify or erase your personal data or receive a copy of your personal data, restrict or object to the active processing of your data, ask us to share (port) your personal information to another entity, withdraw any consent you provided to us to process your data, a right to lodge a complaint with a statutory authority and such other rights as may be relevant under applicable laws. To exercise these rights, you can write to us at hello@oxygenyachting.com. We will respond to your request in accordance with applicable law.<\/p>\n<p>Do note that if you do not allow us to collect or process the required personal information or withdraw the consent to process the same for the required purposes, you may not be able to access or use the services for which your information was sought.<\/p>\n<h5>COOKIES Etc.<br \/>\nTo learn more about how we use these and your CHOICES IN RELATION to these TRACKING TECHNOLOGIES, please refer to our COOKIE POLICY.<\/h5>\n<p><strong>Security:<\/strong><br \/>\nThe security of your information is important to us and we will use reasonable security measures to prevent the loss, misuse or unauthorized alteration of your information under our control. However, given the inherent risks, we cannot guarantee absolute security and consequently, we cannot ensure or warrant the security of any information you transmit to us and you do so at your own risk.<\/p>\n<p><strong>Grievance \/ Data Protection Officer:<\/strong><br \/>\nIf you have any queries or concerns about the processing of your information that is available with us, you may email our Grievance Officer at Oxygen Organizasyon Turizm ve Ticaret A.\u015e., Kumbah\u00e7a Mah. Zeki M\u00fcren Cad. No:17\/1, email: hello@oxygenyachting.com. We will address your concerns in accordance with applicable law.<\/p>\n<p>&nbsp;<\/p>\n<p>&nbsp;<\/p>\n<p>&nbsp;<\/p>\n<p>[\/vc_column_text][\/vc_column][\/vc_row]<\/p>\n","protected":false},"excerpt":{"rendered":"<p>[vc_row enable_surfer_icon=&#8221;yes&#8221; css=&#8221;.vc_custom_1670172558832{padding-top: 60px !important;background-image: url(https:\/\/waveride.qodeinteractive.com\/wp-content\/uploads\/2020\/01\/h1-background-img-3.jpg?id=182) !important;background-position: center !important;background-repeat: no-repeat !important;background-size: cover !important;}&#8221;][vc_column][vc_row_inner css=&#8221;.vc_custom_1670055327218{padding-top: 35px !important;padding-bottom: 25px !important;}&#8221; el_class=&#8221;qodef-iwt-animation&#8221;][vc_column_inner width=&#8221;1\/2&#8243; offset=&#8221;vc_col-lg-3 vc_col-md-6&#8243;][\/vc_column_inner][vc_column_inner width=&#8221;1\/2&#8243; offset=&#8221;vc_col-lg-3 vc_col-md-6&#8243;][\/vc_column_inner][vc_column_inner width=&#8221;1\/2&#8243; offset=&#8221;vc_col-lg-3 vc_col-md-6&#8243;][\/vc_column_inner][vc_column_inner width=&#8221;1\/2&#8243; offset=&#8221;vc_col-lg-3 vc_col-md-6&#8243;][\/vc_column_inner][\/vc_row_inner][\/vc_column][\/vc_row][vc_row content_placement=&#8221;middle&#8221; row_content_width=&#8221;grid&#8221; content_text_aligment=&#8221;center&#8221; css=&#8221;.vc_custom_1670172883080{padding-top: 30px !important;}&#8221; simple_background_color=&#8221;#f9f9f9&#8243;][vc_column][vc_column_text css_animation=&#8221;appear&#8221;] PRIVACY [&hellip;]<\/p>\n","protected":false},"author":1,"featured_media":0,"parent":2841,"menu_order":0,"comment_status":"closed","ping_status":"closed","template":"full-width.php","meta":{"_sitemap_exclude":false,"_sitemap_priority":"","_sitemap_frequency":"","_joinchat":[],"footnotes":""},"class_list":["post-3535","page","type-page","status-publish","hentry"],"yoast_head":"<!-- This site is optimized with the Yoast SEO plugin v24.6 - https:\/\/yoast.com\/wordpress\/plugins\/seo\/ -->\n<title>Privacy Policy - Oxygen \u2502 Brokerage \u2502 Services \u2502 Consultancy \u2502 &lt;8&gt;<\/title>\n<meta name=\"robots\" content=\"index, follow, max-snippet:-1, max-image-preview:large, max-video-preview:-1\" \/>\n<link rel=\"canonical\" href=\"https:\/\/oxygenyachting.com\/?page_id=3535&lang=en\" \/>\n<meta property=\"og:locale\" content=\"tr_TR\" \/>\n<meta property=\"og:type\" content=\"article\" \/>\n<meta property=\"og:title\" content=\"Privacy Policy - Oxygen \u2502 Brokerage \u2502 Services \u2502 Consultancy \u2502 &lt;8&gt;\" \/>\n<meta property=\"og:description\" content=\"[vc_row enable_surfer_icon=&#8221;yes&#8221; css=&#8221;.vc_custom_1670172558832{padding-top: 60px !important;background-image: url(https:\/\/waveride.qodeinteractive.com\/wp-content\/uploads\/2020\/01\/h1-background-img-3.jpg?id=182) !important;background-position: center !important;background-repeat: no-repeat !important;background-size: cover !important;}&#8221;][vc_column][vc_row_inner css=&#8221;.vc_custom_1670055327218{padding-top: 35px !important;padding-bottom: 25px !important;}&#8221; el_class=&#8221;qodef-iwt-animation&#8221;][vc_column_inner width=&#8221;1\/2&#8243; offset=&#8221;vc_col-lg-3 vc_col-md-6&#8243;][\/vc_column_inner][vc_column_inner width=&#8221;1\/2&#8243; offset=&#8221;vc_col-lg-3 vc_col-md-6&#8243;][\/vc_column_inner][vc_column_inner width=&#8221;1\/2&#8243; offset=&#8221;vc_col-lg-3 vc_col-md-6&#8243;][\/vc_column_inner][vc_column_inner width=&#8221;1\/2&#8243; offset=&#8221;vc_col-lg-3 vc_col-md-6&#8243;][\/vc_column_inner][\/vc_row_inner][\/vc_column][\/vc_row][vc_row content_placement=&#8221;middle&#8221; row_content_width=&#8221;grid&#8221; content_text_aligment=&#8221;center&#8221; css=&#8221;.vc_custom_1670172883080{padding-top: 30px !important;}&#8221; simple_background_color=&#8221;#f9f9f9&#8243;][vc_column][vc_column_text css_animation=&#8221;appear&#8221;] PRIVACY [&hellip;]\" \/>\n<meta property=\"og:url\" content=\"https:\/\/oxygenyachting.com\/?page_id=3535&amp;lang=en\" \/>\n<meta property=\"og:site_name\" content=\"Oxygen \u2502 Brokerage \u2502 Services \u2502 Consultancy \u2502 &lt;8&gt;\" \/>\n<meta property=\"article:publisher\" content=\"https:\/\/www.facebook.com\/OxygenYachting\/\" \/>\n<meta property=\"article:modified_time\" content=\"2022-12-11T12:25:58+00:00\" \/>\n<meta property=\"og:image\" content=\"https:\/\/oxygenyachting.com\/wp-content\/uploads\/2022\/12\/cropped-cropped-Oxygen_Logo-01-scaled-1.jpg\" \/>\n\t<meta property=\"og:image:width\" content=\"512\" \/>\n\t<meta property=\"og:image:height\" content=\"512\" \/>\n\t<meta property=\"og:image:type\" content=\"image\/jpeg\" \/>\n<meta name=\"twitter:card\" content=\"summary_large_image\" \/>\n<meta name=\"twitter:label1\" content=\"Tahmini okuma s\u00fcresi\" \/>\n\t<meta name=\"twitter:data1\" content=\"6 dakika\" \/>\n<script type=\"application\/ld+json\" class=\"yoast-schema-graph\">{\"@context\":\"https:\/\/schema.org\",\"@graph\":[{\"@type\":\"WebPage\",\"@id\":\"https:\/\/oxygenyachting.com\/?page_id=3535&lang=en\",\"url\":\"https:\/\/oxygenyachting.com\/?page_id=3535&lang=en\",\"name\":\"Privacy Policy - Oxygen \u2502 Brokerage \u2502 Services \u2502 Consultancy \u2502 &lt;8&gt;\",\"isPartOf\":{\"@id\":\"https:\/\/oxygenyachting.com\/#website\"},\"datePublished\":\"2022-12-07T17:01:48+00:00\",\"dateModified\":\"2022-12-11T12:25:58+00:00\",\"breadcrumb\":{\"@id\":\"https:\/\/oxygenyachting.com\/?page_id=3535&lang=en#breadcrumb\"},\"inLanguage\":\"tr\",\"potentialAction\":[{\"@type\":\"ReadAction\",\"target\":[\"https:\/\/oxygenyachting.com\/?page_id=3535&lang=en\"]}]},{\"@type\":\"BreadcrumbList\",\"@id\":\"https:\/\/oxygenyachting.com\/?page_id=3535&lang=en#breadcrumb\",\"itemListElement\":[{\"@type\":\"ListItem\",\"position\":1,\"name\":\"Anasayfa\",\"item\":\"https:\/\/oxygenyachting.com\/\"},{\"@type\":\"ListItem\",\"position\":2,\"name\":\"Hello\",\"item\":\"https:\/\/oxygenyachting.com\/?page_id=2841&lang=en\"},{\"@type\":\"ListItem\",\"position\":3,\"name\":\"Privacy Policy\"}]},{\"@type\":\"WebSite\",\"@id\":\"https:\/\/oxygenyachting.com\/#website\",\"url\":\"https:\/\/oxygenyachting.com\/\",\"name\":\"Oxygen Yachting - Charter \u2502 Brokerage \u2502 Agency \u2502 Concierge \u2502 8 \u2502\",\"description\":\"\",\"publisher\":{\"@id\":\"https:\/\/oxygenyachting.com\/#organization\"},\"potentialAction\":[{\"@type\":\"SearchAction\",\"target\":{\"@type\":\"EntryPoint\",\"urlTemplate\":\"https:\/\/oxygenyachting.com\/?s={search_term_string}\"},\"query-input\":{\"@type\":\"PropertyValueSpecification\",\"valueRequired\":true,\"valueName\":\"search_term_string\"}}],\"inLanguage\":\"tr\"},{\"@type\":\"Organization\",\"@id\":\"https:\/\/oxygenyachting.com\/#organization\",\"name\":\"Oxygen Yachting\",\"url\":\"https:\/\/oxygenyachting.com\/\",\"logo\":{\"@type\":\"ImageObject\",\"inLanguage\":\"tr\",\"@id\":\"https:\/\/oxygenyachting.com\/#\/schema\/logo\/image\/\",\"url\":\"http:\/\/oxygenyachting.com\/wp-content\/uploads\/2022\/12\/cropped-cropped-Oxygen_Logo-01-scaled-1.jpg\",\"contentUrl\":\"http:\/\/oxygenyachting.com\/wp-content\/uploads\/2022\/12\/cropped-cropped-Oxygen_Logo-01-scaled-1.jpg\",\"width\":512,\"height\":512,\"caption\":\"Oxygen Yachting\"},\"image\":{\"@id\":\"https:\/\/oxygenyachting.com\/#\/schema\/logo\/image\/\"},\"sameAs\":[\"https:\/\/www.facebook.com\/OxygenYachting\/\",\"https:\/\/z-p15.www.instagram.com\",\"https:\/\/www.linkedin.com\/company\/oxygen-yachting\/?viewAsMember=true\"]}]}<\/script>\n<!-- \/ Yoast SEO plugin. -->","yoast_head_json":{"title":"Privacy Policy - Oxygen \u2502 Brokerage \u2502 Services \u2502 Consultancy \u2502 &lt;8&gt;","robots":{"index":"index","follow":"follow","max-snippet":"max-snippet:-1","max-image-preview":"max-image-preview:large","max-video-preview":"max-video-preview:-1"},"canonical":"https:\/\/oxygenyachting.com\/?page_id=3535&lang=en","og_locale":"tr_TR","og_type":"article","og_title":"Privacy Policy - Oxygen \u2502 Brokerage \u2502 Services \u2502 Consultancy \u2502 &lt;8&gt;","og_description":"[vc_row enable_surfer_icon=&#8221;yes&#8221; css=&#8221;.vc_custom_1670172558832{padding-top: 60px !important;background-image: url(https:\/\/waveride.qodeinteractive.com\/wp-content\/uploads\/2020\/01\/h1-background-img-3.jpg?id=182) !important;background-position: center !important;background-repeat: no-repeat !important;background-size: cover !important;}&#8221;][vc_column][vc_row_inner css=&#8221;.vc_custom_1670055327218{padding-top: 35px !important;padding-bottom: 25px !important;}&#8221; el_class=&#8221;qodef-iwt-animation&#8221;][vc_column_inner width=&#8221;1\/2&#8243; offset=&#8221;vc_col-lg-3 vc_col-md-6&#8243;][\/vc_column_inner][vc_column_inner width=&#8221;1\/2&#8243; offset=&#8221;vc_col-lg-3 vc_col-md-6&#8243;][\/vc_column_inner][vc_column_inner width=&#8221;1\/2&#8243; offset=&#8221;vc_col-lg-3 vc_col-md-6&#8243;][\/vc_column_inner][vc_column_inner width=&#8221;1\/2&#8243; offset=&#8221;vc_col-lg-3 vc_col-md-6&#8243;][\/vc_column_inner][\/vc_row_inner][\/vc_column][\/vc_row][vc_row content_placement=&#8221;middle&#8221; row_content_width=&#8221;grid&#8221; content_text_aligment=&#8221;center&#8221; css=&#8221;.vc_custom_1670172883080{padding-top: 30px !important;}&#8221; simple_background_color=&#8221;#f9f9f9&#8243;][vc_column][vc_column_text css_animation=&#8221;appear&#8221;] PRIVACY [&hellip;]","og_url":"https:\/\/oxygenyachting.com\/?page_id=3535&lang=en","og_site_name":"Oxygen \u2502 Brokerage \u2502 Services \u2502 Consultancy \u2502 &lt;8&gt;","article_publisher":"https:\/\/www.facebook.com\/OxygenYachting\/","article_modified_time":"2022-12-11T12:25:58+00:00","og_image":[{"width":512,"height":512,"url":"https:\/\/oxygenyachting.com\/wp-content\/uploads\/2022\/12\/cropped-cropped-Oxygen_Logo-01-scaled-1.jpg","type":"image\/jpeg"}],"twitter_card":"summary_large_image","twitter_misc":{"Tahmini okuma s\u00fcresi":"6 dakika"},"schema":{"@context":"https:\/\/schema.org","@graph":[{"@type":"WebPage","@id":"https:\/\/oxygenyachting.com\/?page_id=3535&lang=en","url":"https:\/\/oxygenyachting.com\/?page_id=3535&lang=en","name":"Privacy Policy - Oxygen \u2502 Brokerage \u2502 Services \u2502 Consultancy \u2502 &lt;8&gt;","isPartOf":{"@id":"https:\/\/oxygenyachting.com\/#website"},"datePublished":"2022-12-07T17:01:48+00:00","dateModified":"2022-12-11T12:25:58+00:00","breadcrumb":{"@id":"https:\/\/oxygenyachting.com\/?page_id=3535&lang=en#breadcrumb"},"inLanguage":"tr","potentialAction":[{"@type":"ReadAction","target":["https:\/\/oxygenyachting.com\/?page_id=3535&lang=en"]}]},{"@type":"BreadcrumbList","@id":"https:\/\/oxygenyachting.com\/?page_id=3535&lang=en#breadcrumb","itemListElement":[{"@type":"ListItem","position":1,"name":"Anasayfa","item":"https:\/\/oxygenyachting.com\/"},{"@type":"ListItem","position":2,"name":"Hello","item":"https:\/\/oxygenyachting.com\/?page_id=2841&lang=en"},{"@type":"ListItem","position":3,"name":"Privacy Policy"}]},{"@type":"WebSite","@id":"https:\/\/oxygenyachting.com\/#website","url":"https:\/\/oxygenyachting.com\/","name":"Oxygen Yachting - Charter \u2502 Brokerage \u2502 Agency \u2502 Concierge \u2502 8 \u2502","description":"","publisher":{"@id":"https:\/\/oxygenyachting.com\/#organization"},"potentialAction":[{"@type":"SearchAction","target":{"@type":"EntryPoint","urlTemplate":"https:\/\/oxygenyachting.com\/?s={search_term_string}"},"query-input":{"@type":"PropertyValueSpecification","valueRequired":true,"valueName":"search_term_string"}}],"inLanguage":"tr"},{"@type":"Organization","@id":"https:\/\/oxygenyachting.com\/#organization","name":"Oxygen Yachting","url":"https:\/\/oxygenyachting.com\/","logo":{"@type":"ImageObject","inLanguage":"tr","@id":"https:\/\/oxygenyachting.com\/#\/schema\/logo\/image\/","url":"http:\/\/oxygenyachting.com\/wp-content\/uploads\/2022\/12\/cropped-cropped-Oxygen_Logo-01-scaled-1.jpg","contentUrl":"http:\/\/oxygenyachting.com\/wp-content\/uploads\/2022\/12\/cropped-cropped-Oxygen_Logo-01-scaled-1.jpg","width":512,"height":512,"caption":"Oxygen Yachting"},"image":{"@id":"https:\/\/oxygenyachting.com\/#\/schema\/logo\/image\/"},"sameAs":["https:\/\/www.facebook.com\/OxygenYachting\/","https:\/\/z-p15.www.instagram.com","https:\/\/www.linkedin.com\/company\/oxygen-yachting\/?viewAsMember=true"]}]}},"_links":{"self":[{"href":"https:\/\/oxygenyachting.com\/index.php?rest_route=\/wp\/v2\/pages\/3535","targetHints":{"allow":["GET"]}}],"collection":[{"href":"https:\/\/oxygenyachting.com\/index.php?rest_route=\/wp\/v2\/pages"}],"about":[{"href":"https:\/\/oxygenyachting.com\/index.php?rest_route=\/wp\/v2\/types\/page"}],"author":[{"embeddable":true,"href":"https:\/\/oxygenyachting.com\/index.php?rest_route=\/wp\/v2\/users\/1"}],"replies":[{"embeddable":true,"href":"https:\/\/oxygenyachting.com\/index.php?rest_route=%2Fwp%2Fv2%2Fcomments&post=3535"}],"version-history":[{"count":9,"href":"https:\/\/oxygenyachting.com\/index.php?rest_route=\/wp\/v2\/pages\/3535\/revisions"}],"predecessor-version":[{"id":3545,"href":"https:\/\/oxygenyachting.com\/index.php?rest_route=\/wp\/v2\/pages\/3535\/revisions\/3545"}],"up":[{"embeddable":true,"href":"https:\/\/oxygenyachting.com\/index.php?rest_route=\/wp\/v2\/pages\/2841"}],"wp:attachment":[{"href":"https:\/\/oxygenyachting.com\/index.php?rest_route=%2Fwp%2Fv2%2Fmedia&parent=3535"}],"curies":[{"name":"wp","href":"https:\/\/api.w.org\/{rel}","templated":true}]}}