{"id":4267,"date":"2022-12-12T15:31:25","date_gmt":"2022-12-12T15:31:25","guid":{"rendered":"http:\/\/oxygenyachting.com\/?page_id=4267"},"modified":"2023-07-21T10:00:02","modified_gmt":"2023-07-21T10:00:02","slug":"bize-ulasin","status":"publish","type":"page","link":"https:\/\/oxygenyachting.com\/?page_id=4267","title":{"rendered":"Bize Ula\u015f\u0131n"},"content":{"rendered":"<p>[vc_row row_content_width=&#8221;grid&#8221; disable_background_image=&#8221;1024&#8243; enable_surfer_icon=&#8221;no&#8221; css=&#8221;.vc_custom_1670521523495{padding-top: 80px !important;padding-bottom: 160px !important;}&#8221; simple_background_image=&#8221;1085&#8243; background_image_position=&#8221;center top&#8221;][vc_column offset=&#8221;vc_col-lg-6&#8243;]<div class=\"qodef-elements-holder   qodef-one-column  qodef-responsive-mode-768 \" ><div class=\"qodef-eh-item    \"  data-item-class=\"qodef-eh-custom-1487\" data-769-1024=\"0 0\" data-681-768=\"0 0\" data-680=\"0 0\">\n\t<div class=\"qodef-eh-item-inner\">\n\t\t<div class=\"qodef-eh-item-content qodef-eh-custom-1487\" style=\"padding: 0 16.5% 0 0\">\n\t\t\t[vc_single_image image=&#8221;1071&#8243; img_size=&#8221;full&#8221;]\t\t<\/div>\n\t<\/div>\n<\/div><\/div>[\/vc_column][vc_column offset=&#8221;vc_col-lg-6&#8243;]<div class=\"qodef-elements-holder   qodef-one-column  qodef-responsive-mode-768 \" ><div class=\"qodef-eh-item    \"  data-item-class=\"qodef-eh-custom-1748\" data-1400-1600=\"139px 5px 0 0\" data-1025-1399=\"84px 0 0\" data-769-1024=\"75px 0 0\" data-681-768=\"75px 0 0\" data-680=\"77px 0 0\">\n\t<div class=\"qodef-eh-item-inner\">\n\t\t<div class=\"qodef-eh-item-content qodef-eh-custom-1748\" style=\"padding: 155px 5px 0 0\">\n\t\t\t<div class=\"qodef-section-title-holder  \" >\n\t<div class=\"qodef-st-inner\">\n                    <span class=\"qodef-st-background-text\" style=\"text-align: left\"><\/span>\n        \t\t\t\t\t<h1 class=\"qodef-st-title\" >\n\t\t\t\t\u00dcST\u00dcN SERV\u0130S, \u00dcST\u00dcN KAL\u0130TE\t\t\t<\/h1>\n\t\t                        <span class=\"qodef-st-caption\" style=\"margin: 15px 0 0\">M\u00fc\u015fterilerimize, i\u015f ortaklar\u0131m\u0131za, \u00e7al\u0131\u015fanlar\u0131m\u0131za ve medyaya \u00fcst\u00fcn bir hizmet kalitesi sunmay\u0131 hedefliyoruz.<\/span>\n        \t\t\t\t\t<\/div>\n<\/div>[vc_empty_space height=&#8221;31px&#8221;]\n<div class=\"wpcf7 no-js\" id=\"wpcf7-f4268-o1\" lang=\"en-US\" dir=\"ltr\" data-wpcf7-id=\"4268\">\n<div class=\"screen-reader-response\"><p role=\"status\" aria-live=\"polite\" aria-atomic=\"true\"><\/p> <ul><\/ul><\/div>\n<form action=\"\/index.php?rest_route=%2Fwp%2Fv2%2Fpages%2F4267#wpcf7-f4268-o1\" method=\"post\" class=\"wpcf7-form init\" aria-label=\"Contact form\" novalidate=\"novalidate\" data-status=\"init\">\n<div style=\"display: none;\">\n<input type=\"hidden\" name=\"_wpcf7\" value=\"4268\" \/>\n<input type=\"hidden\" name=\"_wpcf7_version\" value=\"6.0.4\" \/>\n<input type=\"hidden\" name=\"_wpcf7_locale\" value=\"en_US\" \/>\n<input type=\"hidden\" name=\"_wpcf7_unit_tag\" value=\"wpcf7-f4268-o1\" \/>\n<input type=\"hidden\" name=\"_wpcf7_container_post\" value=\"0\" \/>\n<input type=\"hidden\" name=\"_wpcf7_posted_data_hash\" value=\"\" \/>\n<\/div>\n<div class=\"qodef-contact-form\">\n\t<div class=\"qodef-contact-form-input qodef-email\">\n\t\t<p><label><span class=\"wpcf7-form-control-wrap\" data-name=\"your-email\"><input size=\"40\" maxlength=\"400\" class=\"wpcf7-form-control wpcf7-email wpcf7-validates-as-required wpcf7-text wpcf7-validates-as-email\" aria-required=\"true\" aria-invalid=\"false\" placeholder=\"Emailiniz*\" value=\"\" type=\"email\" name=\"your-email\" \/><\/span><\/label>\n\t\t<\/p>\n\t<\/div>\n\t<div class=\"qodef-contact-form-input qodef-phone\">\n\t\t<p><label><span class=\"wpcf7-form-control-wrap\" data-name=\"your-phone\"><input size=\"40\" maxlength=\"400\" class=\"wpcf7-form-control wpcf7-tel wpcf7-validates-as-required wpcf7-text wpcf7-validates-as-tel\" aria-required=\"true\" aria-invalid=\"false\" placeholder=\"Telefon Numaran\u0131z*\" value=\"\" type=\"tel\" name=\"your-phone\" \/><\/span><\/label>\n\t\t<\/p>\n\t<\/div>\n\t<div class=\"qodef-contact-form-input qodef-message\">\n\t\t<p><label><span class=\"wpcf7-form-control-wrap\" data-name=\"your-text\"><textarea cols=\"40\" rows=\"1\" maxlength=\"2000\" class=\"wpcf7-form-control wpcf7-textarea\" aria-invalid=\"false\" placeholder=\"Mesaj\u0131n\u0131z\u0131 buraya yazabilirsiniz\" name=\"your-text\"><\/textarea><\/span> <\/label>\n\t\t<\/p>\n\t<\/div>\n\t<div class=\"qodef-contact-form-submit\">\n\t\t<p><button class=\"wpcf7-form-control wpcf7-submit qodef-btn qodef-btn-medium qodef-btn-solid qodef-btn-custom-hover-color qodef-btn-custom-hover-bg qodef-btn-custom-border-hover\" type=\"submit\"><span class=\"qodef-btn-text\">G\u00f6ndermek i\u00e7in t\u0131kla<\/span><span class=\"qodef-btn-wave-holder\"><\/span><\/button>\n\t\t<\/p>\n\t<\/div>\n<\/div><div class=\"wpcf7-response-output\" aria-hidden=\"true\"><\/div>\n<\/form>\n<\/div>\n\t\t<\/div>\n\t<\/div>\n<\/div><\/div>[\/vc_column][\/vc_row]<\/p>\n","protected":false},"excerpt":{"rendered":"<p>[vc_row row_content_width=&#8221;grid&#8221; disable_background_image=&#8221;1024&#8243; enable_surfer_icon=&#8221;no&#8221; css=&#8221;.vc_custom_1670521523495{padding-top: 80px !important;padding-bottom: 160px !important;}&#8221; simple_background_image=&#8221;1085&#8243; background_image_position=&#8221;center top&#8221;][vc_column offset=&#8221;vc_col-lg-6&#8243;][\/vc_column][vc_column offset=&#8221;vc_col-lg-6&#8243;][\/vc_column][\/vc_row]<\/p>\n","protected":false},"author":1,"featured_media":0,"parent":0,"menu_order":0,"comment_status":"closed","ping_status":"closed","template":"full-width.php","meta":{"_sitemap_exclude":false,"_sitemap_priority":"","_sitemap_frequency":"","_joinchat":[],"footnotes":""},"class_list":["post-4267","page","type-page","status-publish","hentry"],"yoast_head":"<!-- This site is optimized with the Yoast SEO plugin v24.6 - https:\/\/yoast.com\/wordpress\/plugins\/seo\/ -->\n<title>Bize Ula\u015f\u0131n - Oxygen \u2502 Brokerage \u2502 Services \u2502 Consultancy \u2502 &lt;8&gt;<\/title>\n<meta name=\"description\" content=\"L\u00fcks Motoryat veya Guletlerimizle Ege Denizi&#039;nin masmavi g\u00fczelli\u011fini ke\u015ffedin. G\u00fcnl\u00fck, Haftal\u0131k, Ayl\u0131k charter se\u00e7enekleri i\u00e7in bize ula\u015f\u0131n.\" \/>\n<meta name=\"robots\" content=\"index, follow, max-snippet:-1, max-image-preview:large, max-video-preview:-1\" \/>\n<link rel=\"canonical\" href=\"https:\/\/oxygenyachting.com\/?page_id=4267\" \/>\n<meta property=\"og:locale\" content=\"tr_TR\" \/>\n<meta property=\"og:type\" content=\"article\" \/>\n<meta property=\"og:title\" content=\"Bize Ula\u015f\u0131n - Oxygen \u2502 Brokerage \u2502 Services \u2502 Consultancy \u2502 &lt;8&gt;\" \/>\n<meta property=\"og:description\" content=\"L\u00fcks Motoryat veya Guletlerimizle Ege Denizi&#039;nin masmavi g\u00fczelli\u011fini ke\u015ffedin. G\u00fcnl\u00fck, Haftal\u0131k, Ayl\u0131k charter se\u00e7enekleri i\u00e7in bize ula\u015f\u0131n.\" \/>\n<meta property=\"og:url\" content=\"https:\/\/oxygenyachting.com\/?page_id=4267\" \/>\n<meta property=\"og:site_name\" content=\"Oxygen \u2502 Brokerage \u2502 Services \u2502 Consultancy \u2502 &lt;8&gt;\" \/>\n<meta property=\"article:publisher\" content=\"https:\/\/www.facebook.com\/OxygenYachting\/\" \/>\n<meta property=\"article:modified_time\" content=\"2023-07-21T10:00:02+00:00\" \/>\n<meta property=\"og:image\" content=\"https:\/\/oxygenyachting.com\/wp-content\/uploads\/2022\/12\/cropped-cropped-Oxygen_Logo-01-scaled-1.jpg\" \/>\n\t<meta property=\"og:image:width\" content=\"512\" \/>\n\t<meta property=\"og:image:height\" content=\"512\" \/>\n\t<meta property=\"og:image:type\" content=\"image\/jpeg\" \/>\n<meta name=\"twitter:card\" content=\"summary_large_image\" \/>\n<meta name=\"twitter:label1\" content=\"Tahmini okuma s\u00fcresi\" \/>\n\t<meta name=\"twitter:data1\" content=\"1 dakika\" \/>\n<script type=\"application\/ld+json\" class=\"yoast-schema-graph\">{\"@context\":\"https:\/\/schema.org\",\"@graph\":[{\"@type\":\"WebPage\",\"@id\":\"https:\/\/oxygenyachting.com\/?page_id=4267\",\"url\":\"https:\/\/oxygenyachting.com\/?page_id=4267\",\"name\":\"Bize Ula\u015f\u0131n - Oxygen \u2502 Brokerage \u2502 Services \u2502 Consultancy \u2502 &lt;8&gt;\",\"isPartOf\":{\"@id\":\"https:\/\/oxygenyachting.com\/#website\"},\"datePublished\":\"2022-12-12T15:31:25+00:00\",\"dateModified\":\"2023-07-21T10:00:02+00:00\",\"description\":\"L\u00fcks Motoryat veya Guletlerimizle Ege Denizi'nin masmavi g\u00fczelli\u011fini ke\u015ffedin. G\u00fcnl\u00fck, Haftal\u0131k, Ayl\u0131k charter se\u00e7enekleri i\u00e7in bize ula\u015f\u0131n.\",\"breadcrumb\":{\"@id\":\"https:\/\/oxygenyachting.com\/?page_id=4267#breadcrumb\"},\"inLanguage\":\"tr\",\"potentialAction\":[{\"@type\":\"ReadAction\",\"target\":[\"https:\/\/oxygenyachting.com\/?page_id=4267\"]}]},{\"@type\":\"BreadcrumbList\",\"@id\":\"https:\/\/oxygenyachting.com\/?page_id=4267#breadcrumb\",\"itemListElement\":[{\"@type\":\"ListItem\",\"position\":1,\"name\":\"Anasayfa\",\"item\":\"https:\/\/oxygenyachting.com\/\"},{\"@type\":\"ListItem\",\"position\":2,\"name\":\"Bize Ula\u015f\u0131n\"}]},{\"@type\":\"WebSite\",\"@id\":\"https:\/\/oxygenyachting.com\/#website\",\"url\":\"https:\/\/oxygenyachting.com\/\",\"name\":\"Oxygen Yachting - Charter \u2502 Brokerage \u2502 Agency \u2502 Concierge \u2502 8 \u2502\",\"description\":\"\",\"publisher\":{\"@id\":\"https:\/\/oxygenyachting.com\/#organization\"},\"potentialAction\":[{\"@type\":\"SearchAction\",\"target\":{\"@type\":\"EntryPoint\",\"urlTemplate\":\"https:\/\/oxygenyachting.com\/?s={search_term_string}\"},\"query-input\":{\"@type\":\"PropertyValueSpecification\",\"valueRequired\":true,\"valueName\":\"search_term_string\"}}],\"inLanguage\":\"tr\"},{\"@type\":\"Organization\",\"@id\":\"https:\/\/oxygenyachting.com\/#organization\",\"name\":\"Oxygen Yachting\",\"url\":\"https:\/\/oxygenyachting.com\/\",\"logo\":{\"@type\":\"ImageObject\",\"inLanguage\":\"tr\",\"@id\":\"https:\/\/oxygenyachting.com\/#\/schema\/logo\/image\/\",\"url\":\"http:\/\/oxygenyachting.com\/wp-content\/uploads\/2022\/12\/cropped-cropped-Oxygen_Logo-01-scaled-1.jpg\",\"contentUrl\":\"http:\/\/oxygenyachting.com\/wp-content\/uploads\/2022\/12\/cropped-cropped-Oxygen_Logo-01-scaled-1.jpg\",\"width\":512,\"height\":512,\"caption\":\"Oxygen Yachting\"},\"image\":{\"@id\":\"https:\/\/oxygenyachting.com\/#\/schema\/logo\/image\/\"},\"sameAs\":[\"https:\/\/www.facebook.com\/OxygenYachting\/\",\"https:\/\/z-p15.www.instagram.com\",\"https:\/\/www.linkedin.com\/company\/oxygen-yachting\/?viewAsMember=true\"]}]}<\/script>\n<!-- \/ Yoast SEO plugin. -->","yoast_head_json":{"title":"Bize Ula\u015f\u0131n - Oxygen \u2502 Brokerage \u2502 Services \u2502 Consultancy \u2502 &lt;8&gt;","description":"L\u00fcks Motoryat veya Guletlerimizle Ege Denizi'nin masmavi g\u00fczelli\u011fini ke\u015ffedin. G\u00fcnl\u00fck, Haftal\u0131k, Ayl\u0131k charter se\u00e7enekleri i\u00e7in bize ula\u015f\u0131n.","robots":{"index":"index","follow":"follow","max-snippet":"max-snippet:-1","max-image-preview":"max-image-preview:large","max-video-preview":"max-video-preview:-1"},"canonical":"https:\/\/oxygenyachting.com\/?page_id=4267","og_locale":"tr_TR","og_type":"article","og_title":"Bize Ula\u015f\u0131n - Oxygen \u2502 Brokerage \u2502 Services \u2502 Consultancy \u2502 &lt;8&gt;","og_description":"L\u00fcks Motoryat veya Guletlerimizle Ege Denizi'nin masmavi g\u00fczelli\u011fini ke\u015ffedin. G\u00fcnl\u00fck, Haftal\u0131k, Ayl\u0131k charter se\u00e7enekleri i\u00e7in bize ula\u015f\u0131n.","og_url":"https:\/\/oxygenyachting.com\/?page_id=4267","og_site_name":"Oxygen \u2502 Brokerage \u2502 Services \u2502 Consultancy \u2502 &lt;8&gt;","article_publisher":"https:\/\/www.facebook.com\/OxygenYachting\/","article_modified_time":"2023-07-21T10:00:02+00:00","og_image":[{"width":512,"height":512,"url":"https:\/\/oxygenyachting.com\/wp-content\/uploads\/2022\/12\/cropped-cropped-Oxygen_Logo-01-scaled-1.jpg","type":"image\/jpeg"}],"twitter_card":"summary_large_image","twitter_misc":{"Tahmini okuma s\u00fcresi":"1 dakika"},"schema":{"@context":"https:\/\/schema.org","@graph":[{"@type":"WebPage","@id":"https:\/\/oxygenyachting.com\/?page_id=4267","url":"https:\/\/oxygenyachting.com\/?page_id=4267","name":"Bize Ula\u015f\u0131n - Oxygen \u2502 Brokerage \u2502 Services \u2502 Consultancy \u2502 &lt;8&gt;","isPartOf":{"@id":"https:\/\/oxygenyachting.com\/#website"},"datePublished":"2022-12-12T15:31:25+00:00","dateModified":"2023-07-21T10:00:02+00:00","description":"L\u00fcks Motoryat veya Guletlerimizle Ege Denizi'nin masmavi g\u00fczelli\u011fini ke\u015ffedin. G\u00fcnl\u00fck, Haftal\u0131k, Ayl\u0131k charter se\u00e7enekleri i\u00e7in bize ula\u015f\u0131n.","breadcrumb":{"@id":"https:\/\/oxygenyachting.com\/?page_id=4267#breadcrumb"},"inLanguage":"tr","potentialAction":[{"@type":"ReadAction","target":["https:\/\/oxygenyachting.com\/?page_id=4267"]}]},{"@type":"BreadcrumbList","@id":"https:\/\/oxygenyachting.com\/?page_id=4267#breadcrumb","itemListElement":[{"@type":"ListItem","position":1,"name":"Anasayfa","item":"https:\/\/oxygenyachting.com\/"},{"@type":"ListItem","position":2,"name":"Bize Ula\u015f\u0131n"}]},{"@type":"WebSite","@id":"https:\/\/oxygenyachting.com\/#website","url":"https:\/\/oxygenyachting.com\/","name":"Oxygen Yachting - Charter \u2502 Brokerage \u2502 Agency \u2502 Concierge \u2502 8 \u2502","description":"","publisher":{"@id":"https:\/\/oxygenyachting.com\/#organization"},"potentialAction":[{"@type":"SearchAction","target":{"@type":"EntryPoint","urlTemplate":"https:\/\/oxygenyachting.com\/?s={search_term_string}"},"query-input":{"@type":"PropertyValueSpecification","valueRequired":true,"valueName":"search_term_string"}}],"inLanguage":"tr"},{"@type":"Organization","@id":"https:\/\/oxygenyachting.com\/#organization","name":"Oxygen Yachting","url":"https:\/\/oxygenyachting.com\/","logo":{"@type":"ImageObject","inLanguage":"tr","@id":"https:\/\/oxygenyachting.com\/#\/schema\/logo\/image\/","url":"http:\/\/oxygenyachting.com\/wp-content\/uploads\/2022\/12\/cropped-cropped-Oxygen_Logo-01-scaled-1.jpg","contentUrl":"http:\/\/oxygenyachting.com\/wp-content\/uploads\/2022\/12\/cropped-cropped-Oxygen_Logo-01-scaled-1.jpg","width":512,"height":512,"caption":"Oxygen Yachting"},"image":{"@id":"https:\/\/oxygenyachting.com\/#\/schema\/logo\/image\/"},"sameAs":["https:\/\/www.facebook.com\/OxygenYachting\/","https:\/\/z-p15.www.instagram.com","https:\/\/www.linkedin.com\/company\/oxygen-yachting\/?viewAsMember=true"]}]}},"_links":{"self":[{"href":"https:\/\/oxygenyachting.com\/index.php?rest_route=\/wp\/v2\/pages\/4267","targetHints":{"allow":["GET"]}}],"collection":[{"href":"https:\/\/oxygenyachting.com\/index.php?rest_route=\/wp\/v2\/pages"}],"about":[{"href":"https:\/\/oxygenyachting.com\/index.php?rest_route=\/wp\/v2\/types\/page"}],"author":[{"embeddable":true,"href":"https:\/\/oxygenyachting.com\/index.php?rest_route=\/wp\/v2\/users\/1"}],"replies":[{"embeddable":true,"href":"https:\/\/oxygenyachting.com\/index.php?rest_route=%2Fwp%2Fv2%2Fcomments&post=4267"}],"version-history":[{"count":4,"href":"https:\/\/oxygenyachting.com\/index.php?rest_route=\/wp\/v2\/pages\/4267\/revisions"}],"predecessor-version":[{"id":4560,"href":"https:\/\/oxygenyachting.com\/index.php?rest_route=\/wp\/v2\/pages\/4267\/revisions\/4560"}],"wp:attachment":[{"href":"https:\/\/oxygenyachting.com\/index.php?rest_route=%2Fwp%2Fv2%2Fmedia&parent=4267"}],"curies":[{"name":"wp","href":"https:\/\/api.w.org\/{rel}","templated":true}]}}