{"id":4348,"date":"2022-12-12T18:24:59","date_gmt":"2022-12-12T18:24:59","guid":{"rendered":"http:\/\/oxygenyachting.com\/?page_id=4348"},"modified":"2022-12-12T18:31:58","modified_gmt":"2022-12-12T18:31:58","slug":"gulet-tirhandil","status":"publish","type":"page","link":"https:\/\/oxygenyachting.com\/?page_id=4348","title":{"rendered":"GULET TIRHANDIL"},"content":{"rendered":"<p>[vc_row enable_surfer_icon=&#8221;no&#8221; css=&#8221;.vc_custom_1670580052944{margin-top: -80px !important;}&#8221;][vc_column offset=&#8221;vc_col-lg-offset-0 vc_col-lg-6 vc_col-md-offset-0 vc_col-md-12 vc_col-sm-offset-0 vc_col-xs-12&#8243; el_class=&#8221;qodef-map&#8221; css=&#8221;.vc_custom_1670580225251{padding-bottom: 40px !important;}&#8221;][vc_column_text]<\/p>\n<h2><span style=\"font-weight: bold;\">GULET TiRHANDiL<\/span><\/h2>\n<p>[\/vc_column_text][\/vc_column][vc_column css=&#8221;.vc_custom_1670582053729{margin-left: -15px !important;padding-left: 0px !important;}&#8221; offset=&#8221;vc_col-lg-offset-0 vc_col-lg-6 vc_col-md-offset-0 vc_col-md-12 vc_col-sm-offset-0&#8243;][vc_column_text]<\/p>\n<h3 style=\"text-align: right;\"><strong>SALE<\/strong><\/h3>\n<p>[\/vc_column_text][\/vc_column][\/vc_row][vc_row content_placement=&#8221;top&#8221; content_text_aligment=&#8221;center&#8221; enable_surfer_icon=&#8221;no&#8221;][vc_column][\/vc_column][\/vc_row][vc_row content_text_aligment=&#8221;left&#8221; enable_surfer_icon=&#8221;no&#8221; css=&#8221;.vc_custom_1670522036476{padding-top: 44px !important;}&#8221;][vc_column][vc_column_text]2021 yap\u0131m\u0131 Gulet Tirhandil, 3 adet \u00e7ift ki\u015filik kabine sahiptir. Geleneksel bir Bodrum guletidir. Her kabinin kendi banyosu ve du\u015fu vard\u0131r.<\/p>\n<p>Geni\u015f minderli salon alanlar\u0131, yemek masas\u0131 ve yemek odas\u0131 k\u0131\u00e7 g\u00fcvertededir. Yemekleriniz tam donan\u0131ml\u0131 ayr\u0131 mutfakta yap\u0131lmakta olup, oturma alan\u0131nda ayr\u0131 yemek masas\u0131 bulunmaktad\u0131r. Oturma odas\u0131nda TV, DVD oynat\u0131c\u0131 ve m\u00fczik sistemi vard\u0131r.[\/vc_column_text][vc_column_text css=&#8221;.vc_custom_1670869405592{padding-top: 2px !important;}&#8221;]<\/p>\n<blockquote>\n<p style=\"text-align: left;\">2021 yap\u0131m\u0131 Gulet Tirhandil, 3 adet \u00e7ift ki\u015filik kabine sahiptir ve klimal\u0131 odalarda 6 ki\u015fi konaklayabilir. Geleneksel bir Bodrum guletidir.<\/p>\n<\/blockquote>\n<p>[\/vc_column_text][\/vc_column][\/vc_row][vc_row content_text_aligment=&#8221;left&#8221; enable_surfer_icon=&#8221;no&#8221; css=&#8221;.vc_custom_1670522167096{padding-top: 45px !important;padding-left: 50px !important;}&#8221;][vc_column offset=&#8221;vc_col-lg-offset-0 vc_col-lg-6 vc_col-md-offset-0 vc_col-md-12 vc_col-sm-offset-0 vc_col-xs-12&#8243; el_class=&#8221;qodef-map&#8221;]<div class=\"qodef-elements-holder   qodef-one-column  qodef-responsive-mode-768 \" ><div class=\"qodef-eh-item    \"  data-item-class=\"qodef-eh-custom-6788\">\n\t<div class=\"qodef-eh-item-inner\">\n\t\t<div class=\"qodef-eh-item-content qodef-eh-custom-6788\" >\n\t\t\t[vc_single_image image=&#8221;4123&#8243; img_size=&#8221;large&#8221;]\t\t<\/div>\n\t<\/div>\n<\/div><\/div>[\/vc_column][vc_column css=&#8221;.vc_custom_1670522179558{margin-left: -15px !important;padding-left: 0px !important;}&#8221; offset=&#8221;vc_col-lg-offset-0 vc_col-lg-6 vc_col-md-offset-0 vc_col-md-12 vc_col-sm-offset-0&#8243;]<div class=\"qodef-elements-holder   qodef-one-column  qodef-responsive-mode-768 \" ><div class=\"qodef-eh-item  qodef-vertical-alignment-top  \"  data-item-class=\"qodef-eh-custom-5603\" data-769-1024=\"18px 0px 17px 31px\" data-681-768=\"21px 0px 17px 33px\" data-680=\"9px 0px 17px 30px\">\n\t<div class=\"qodef-eh-item-inner\">\n\t\t<div class=\"qodef-eh-item-content qodef-eh-custom-5603\" style=\"padding: 0 0 0 5%\">\n\t\t\t[vc_column_text css=&#8221;.vc_custom_1670869465291{padding-top: -30px !important;}&#8221;]<strong>Uzunluk:<\/strong>\u00a018m<\/p>\n<p><strong>Geni\u015flik: 5,5<\/strong>m<\/p>\n<p><strong>Maksimum h\u0131z \/ Seyir h\u0131z\u0131:<\/strong>\u00a010 Knots \/ 13 Knots<\/p>\n<p><strong>Konaklama:<\/strong>\u00a03 Kabin \/ 6 Misafir<\/p>\n<p><strong>Yap\u0131m y\u0131l\u0131: <\/strong><strong>\u00a0<\/strong>2021<\/p>\n<p><strong>M\u00fcrettebat:<\/strong>\u00a03[\/vc_column_text][vc_empty_space height=&#8221;10px&#8221;]<a itemprop=\"url\" href=\"https:\/\/oxygenyachting.com\/?page_id=4267&#038;lang=tr\" target=\"_self\" style=\"padding: 13px 37px 10px\" class=\"qodef-btn qodef-btn-large qodef-btn-outline qodef-btn-wave-hover\"  >\n        <span class=\"qodef-btn-text\">F\u0130YAT B\u0130LG\u0130S\u0130 \u0130\u00c7\u0130N<\/span>\n            <span class=\"qodef-btn-wave-holder\" style=\"background-image: url(&quot;data:image\/svg+xml,%3Csvg xmlns=&#039;http:\/\/www.w3.org\/2000\/svg&#039; x=&#039;0px&#039; y=&#039;0px&#039; width=&#039;172px&#039; height=&#039;126px&#039; viewBox=&#039;0 0 172 125.7&#039; enable-background=&#039;0 0 172 125.7&#039; xml:space=&#039;preserve&#039; %3E%3Cpath fill=&#039;%23000000&#039; d=&#039;M173,22.7c-33.9,0-44.7-14.1-88.4-14.1c-43.6,0-54.5,14.1-86,14.1V126l174.4-0.3C173,125.7,173,28.7,173,22.7z&#039;\/%3E%3C\/svg%3E&quot;)\" ><\/span>\n        <\/a>[vc_empty_space height=&#8221;8px&#8221; css=&#8221;.vc_custom_1670520968320{padding-top: -20px !important;}&#8221;]<a itemprop=\"url\" href=\"https:\/\/oxygenyachting.com\/wp-content\/uploads\/2022\/12\/18m-3k-Gulet-G1803107.pdf\" target=\"_blank\" style=\"padding: 13px 37px 10px\" class=\"qodef-btn qodef-btn-large qodef-btn-outline qodef-btn-wave-hover\"  >\n        <span class=\"qodef-btn-text\">PDF \u0130ND\u0130R\u0130N<\/span>\n            <span class=\"qodef-btn-wave-holder\" style=\"background-image: url(&quot;data:image\/svg+xml,%3Csvg xmlns=&#039;http:\/\/www.w3.org\/2000\/svg&#039; x=&#039;0px&#039; y=&#039;0px&#039; width=&#039;172px&#039; height=&#039;126px&#039; viewBox=&#039;0 0 172 125.7&#039; enable-background=&#039;0 0 172 125.7&#039; xml:space=&#039;preserve&#039; %3E%3Cpath fill=&#039;%23000000&#039; d=&#039;M173,22.7c-33.9,0-44.7-14.1-88.4-14.1c-43.6,0-54.5,14.1-86,14.1V126l174.4-0.3C173,125.7,173,28.7,173,22.7z&#039;\/%3E%3C\/svg%3E&quot;)\" ><\/span>\n        <\/a>\t\t<\/div>\n\t<\/div>\n<\/div><\/div>[\/vc_column][\/vc_row][vc_row][vc_column][vc_separator css=&#8221;.vc_custom_1670527493441{padding-top: 50px !important;}&#8221;][\/vc_column][\/vc_row][vc_row css=&#8221;.vc_custom_1670527422335{padding-top: 80px !important;}&#8221;][vc_column][vc_masonry_grid post_type=&#8221;ids&#8221; grid_id=&#8221;vc_gid:1670869315254-7fcad0cd-1876-10&#8243; include=&#8221;3951, 3669, 3743&#8243;][\/vc_column][\/vc_row]<\/p>\n","protected":false},"excerpt":{"rendered":"<p>[vc_row enable_surfer_icon=&#8221;no&#8221; css=&#8221;.vc_custom_1670580052944{margin-top: -80px !important;}&#8221;][vc_column offset=&#8221;vc_col-lg-offset-0 vc_col-lg-6 vc_col-md-offset-0 vc_col-md-12 vc_col-sm-offset-0 vc_col-xs-12&#8243; el_class=&#8221;qodef-map&#8221; css=&#8221;.vc_custom_1670580225251{padding-bottom: 40px !important;}&#8221;][vc_column_text] GULET TiRHANDiL [\/vc_column_text][\/vc_column][vc_column css=&#8221;.vc_custom_1670582053729{margin-left: -15px !important;padding-left: 0px !important;}&#8221; offset=&#8221;vc_col-lg-offset-0 vc_col-lg-6 vc_col-md-offset-0 vc_col-md-12 vc_col-sm-offset-0&#8243;][vc_column_text] SALE [\/vc_column_text][\/vc_column][\/vc_row][vc_row content_placement=&#8221;top&#8221; content_text_aligment=&#8221;center&#8221; enable_surfer_icon=&#8221;no&#8221;][vc_column][\/vc_column][\/vc_row][vc_row content_text_aligment=&#8221;left&#8221; enable_surfer_icon=&#8221;no&#8221; css=&#8221;.vc_custom_1670522036476{padding-top: 44px !important;}&#8221;][vc_column][vc_column_text]2021 yap\u0131m\u0131 Gulet [&hellip;]<\/p>\n","protected":false},"author":1,"featured_media":4123,"parent":4234,"menu_order":0,"comment_status":"closed","ping_status":"closed","template":"","meta":{"_sitemap_exclude":false,"_sitemap_priority":"","_sitemap_frequency":"","_joinchat":[],"footnotes":""},"class_list":["post-4348","page","type-page","status-publish","has-post-thumbnail","hentry"],"yoast_head":"<!-- This site is optimized with the Yoast SEO plugin v24.6 - https:\/\/yoast.com\/wordpress\/plugins\/seo\/ -->\n<title>GULET TIRHANDIL - Oxygen \u2502 Brokerage \u2502 Services \u2502 Consultancy \u2502 &lt;8&gt;<\/title>\n<meta name=\"robots\" content=\"index, follow, max-snippet:-1, max-image-preview:large, max-video-preview:-1\" \/>\n<link rel=\"canonical\" href=\"https:\/\/oxygenyachting.com\/?page_id=4348\" \/>\n<meta property=\"og:locale\" content=\"tr_TR\" \/>\n<meta property=\"og:type\" content=\"article\" \/>\n<meta property=\"og:title\" content=\"GULET TIRHANDIL - Oxygen \u2502 Brokerage \u2502 Services \u2502 Consultancy \u2502 &lt;8&gt;\" \/>\n<meta property=\"og:description\" content=\"[vc_row enable_surfer_icon=&#8221;no&#8221; css=&#8221;.vc_custom_1670580052944{margin-top: -80px !important;}&#8221;][vc_column offset=&#8221;vc_col-lg-offset-0 vc_col-lg-6 vc_col-md-offset-0 vc_col-md-12 vc_col-sm-offset-0 vc_col-xs-12&#8243; el_class=&#8221;qodef-map&#8221; css=&#8221;.vc_custom_1670580225251{padding-bottom: 40px !important;}&#8221;][vc_column_text] GULET TiRHANDiL [\/vc_column_text][\/vc_column][vc_column css=&#8221;.vc_custom_1670582053729{margin-left: -15px !important;padding-left: 0px !important;}&#8221; offset=&#8221;vc_col-lg-offset-0 vc_col-lg-6 vc_col-md-offset-0 vc_col-md-12 vc_col-sm-offset-0&#8243;][vc_column_text] SALE [\/vc_column_text][\/vc_column][\/vc_row][vc_row content_placement=&#8221;top&#8221; content_text_aligment=&#8221;center&#8221; enable_surfer_icon=&#8221;no&#8221;][vc_column][\/vc_column][\/vc_row][vc_row content_text_aligment=&#8221;left&#8221; enable_surfer_icon=&#8221;no&#8221; css=&#8221;.vc_custom_1670522036476{padding-top: 44px !important;}&#8221;][vc_column][vc_column_text]2021 yap\u0131m\u0131 Gulet [&hellip;]\" \/>\n<meta property=\"og:url\" content=\"https:\/\/oxygenyachting.com\/?page_id=4348\" \/>\n<meta property=\"og:site_name\" content=\"Oxygen \u2502 Brokerage \u2502 Services \u2502 Consultancy \u2502 &lt;8&gt;\" \/>\n<meta property=\"article:publisher\" content=\"https:\/\/www.facebook.com\/OxygenYachting\/\" \/>\n<meta property=\"article:modified_time\" content=\"2022-12-12T18:31:58+00:00\" \/>\n<meta property=\"og:image\" content=\"https:\/\/oxygenyachting.com\/wp-content\/uploads\/2022\/12\/WhatsApp-Image-2022-01-16-at-20.59.31-1-e1670689390702.jpeg\" \/>\n\t<meta property=\"og:image:width\" content=\"1600\" \/>\n\t<meta property=\"og:image:height\" content=\"866\" \/>\n\t<meta property=\"og:image:type\" content=\"image\/jpeg\" \/>\n<meta name=\"twitter:card\" content=\"summary_large_image\" \/>\n<meta name=\"twitter:label1\" content=\"Tahmini okuma s\u00fcresi\" \/>\n\t<meta name=\"twitter:data1\" content=\"3 dakika\" \/>\n<script type=\"application\/ld+json\" class=\"yoast-schema-graph\">{\"@context\":\"https:\/\/schema.org\",\"@graph\":[{\"@type\":\"WebPage\",\"@id\":\"https:\/\/oxygenyachting.com\/?page_id=4348\",\"url\":\"https:\/\/oxygenyachting.com\/?page_id=4348\",\"name\":\"GULET TIRHANDIL - Oxygen \u2502 Brokerage \u2502 Services \u2502 Consultancy \u2502 &lt;8&gt;\",\"isPartOf\":{\"@id\":\"https:\/\/oxygenyachting.com\/#website\"},\"primaryImageOfPage\":{\"@id\":\"https:\/\/oxygenyachting.com\/?page_id=4348#primaryimage\"},\"image\":{\"@id\":\"https:\/\/oxygenyachting.com\/?page_id=4348#primaryimage\"},\"thumbnailUrl\":\"https:\/\/oxygenyachting.com\/wp-content\/uploads\/2022\/12\/WhatsApp-Image-2022-01-16-at-20.59.31-1-e1670689390702.jpeg\",\"datePublished\":\"2022-12-12T18:24:59+00:00\",\"dateModified\":\"2022-12-12T18:31:58+00:00\",\"breadcrumb\":{\"@id\":\"https:\/\/oxygenyachting.com\/?page_id=4348#breadcrumb\"},\"inLanguage\":\"tr\",\"potentialAction\":[{\"@type\":\"ReadAction\",\"target\":[\"https:\/\/oxygenyachting.com\/?page_id=4348\"]}]},{\"@type\":\"ImageObject\",\"inLanguage\":\"tr\",\"@id\":\"https:\/\/oxygenyachting.com\/?page_id=4348#primaryimage\",\"url\":\"https:\/\/oxygenyachting.com\/wp-content\/uploads\/2022\/12\/WhatsApp-Image-2022-01-16-at-20.59.31-1-e1670689390702.jpeg\",\"contentUrl\":\"https:\/\/oxygenyachting.com\/wp-content\/uploads\/2022\/12\/WhatsApp-Image-2022-01-16-at-20.59.31-1-e1670689390702.jpeg\",\"width\":1600,\"height\":866},{\"@type\":\"BreadcrumbList\",\"@id\":\"https:\/\/oxygenyachting.com\/?page_id=4348#breadcrumb\",\"itemListElement\":[{\"@type\":\"ListItem\",\"position\":1,\"name\":\"Anasayfa\",\"item\":\"https:\/\/oxygenyachting.com\/\"},{\"@type\":\"ListItem\",\"position\":2,\"name\":\"Brokerage\",\"item\":\"https:\/\/oxygenyachting.com\/?page_id=4234\"},{\"@type\":\"ListItem\",\"position\":3,\"name\":\"GULET TIRHANDIL\"}]},{\"@type\":\"WebSite\",\"@id\":\"https:\/\/oxygenyachting.com\/#website\",\"url\":\"https:\/\/oxygenyachting.com\/\",\"name\":\"Oxygen Yachting - Charter \u2502 Brokerage \u2502 Agency \u2502 Concierge \u2502 8 \u2502\",\"description\":\"\",\"publisher\":{\"@id\":\"https:\/\/oxygenyachting.com\/#organization\"},\"potentialAction\":[{\"@type\":\"SearchAction\",\"target\":{\"@type\":\"EntryPoint\",\"urlTemplate\":\"https:\/\/oxygenyachting.com\/?s={search_term_string}\"},\"query-input\":{\"@type\":\"PropertyValueSpecification\",\"valueRequired\":true,\"valueName\":\"search_term_string\"}}],\"inLanguage\":\"tr\"},{\"@type\":\"Organization\",\"@id\":\"https:\/\/oxygenyachting.com\/#organization\",\"name\":\"Oxygen Yachting\",\"url\":\"https:\/\/oxygenyachting.com\/\",\"logo\":{\"@type\":\"ImageObject\",\"inLanguage\":\"tr\",\"@id\":\"https:\/\/oxygenyachting.com\/#\/schema\/logo\/image\/\",\"url\":\"http:\/\/oxygenyachting.com\/wp-content\/uploads\/2022\/12\/cropped-cropped-Oxygen_Logo-01-scaled-1.jpg\",\"contentUrl\":\"http:\/\/oxygenyachting.com\/wp-content\/uploads\/2022\/12\/cropped-cropped-Oxygen_Logo-01-scaled-1.jpg\",\"width\":512,\"height\":512,\"caption\":\"Oxygen Yachting\"},\"image\":{\"@id\":\"https:\/\/oxygenyachting.com\/#\/schema\/logo\/image\/\"},\"sameAs\":[\"https:\/\/www.facebook.com\/OxygenYachting\/\",\"https:\/\/z-p15.www.instagram.com\",\"https:\/\/www.linkedin.com\/company\/oxygen-yachting\/?viewAsMember=true\"]}]}<\/script>\n<!-- \/ Yoast SEO plugin. -->","yoast_head_json":{"title":"GULET TIRHANDIL - Oxygen \u2502 Brokerage \u2502 Services \u2502 Consultancy \u2502 &lt;8&gt;","robots":{"index":"index","follow":"follow","max-snippet":"max-snippet:-1","max-image-preview":"max-image-preview:large","max-video-preview":"max-video-preview:-1"},"canonical":"https:\/\/oxygenyachting.com\/?page_id=4348","og_locale":"tr_TR","og_type":"article","og_title":"GULET TIRHANDIL - Oxygen \u2502 Brokerage \u2502 Services \u2502 Consultancy \u2502 &lt;8&gt;","og_description":"[vc_row enable_surfer_icon=&#8221;no&#8221; css=&#8221;.vc_custom_1670580052944{margin-top: -80px !important;}&#8221;][vc_column offset=&#8221;vc_col-lg-offset-0 vc_col-lg-6 vc_col-md-offset-0 vc_col-md-12 vc_col-sm-offset-0 vc_col-xs-12&#8243; el_class=&#8221;qodef-map&#8221; css=&#8221;.vc_custom_1670580225251{padding-bottom: 40px !important;}&#8221;][vc_column_text] GULET TiRHANDiL [\/vc_column_text][\/vc_column][vc_column css=&#8221;.vc_custom_1670582053729{margin-left: -15px !important;padding-left: 0px !important;}&#8221; offset=&#8221;vc_col-lg-offset-0 vc_col-lg-6 vc_col-md-offset-0 vc_col-md-12 vc_col-sm-offset-0&#8243;][vc_column_text] SALE [\/vc_column_text][\/vc_column][\/vc_row][vc_row content_placement=&#8221;top&#8221; content_text_aligment=&#8221;center&#8221; enable_surfer_icon=&#8221;no&#8221;][vc_column][\/vc_column][\/vc_row][vc_row content_text_aligment=&#8221;left&#8221; enable_surfer_icon=&#8221;no&#8221; css=&#8221;.vc_custom_1670522036476{padding-top: 44px !important;}&#8221;][vc_column][vc_column_text]2021 yap\u0131m\u0131 Gulet [&hellip;]","og_url":"https:\/\/oxygenyachting.com\/?page_id=4348","og_site_name":"Oxygen \u2502 Brokerage \u2502 Services \u2502 Consultancy \u2502 &lt;8&gt;","article_publisher":"https:\/\/www.facebook.com\/OxygenYachting\/","article_modified_time":"2022-12-12T18:31:58+00:00","og_image":[{"width":1600,"height":866,"url":"https:\/\/oxygenyachting.com\/wp-content\/uploads\/2022\/12\/WhatsApp-Image-2022-01-16-at-20.59.31-1-e1670689390702.jpeg","type":"image\/jpeg"}],"twitter_card":"summary_large_image","twitter_misc":{"Tahmini okuma s\u00fcresi":"3 dakika"},"schema":{"@context":"https:\/\/schema.org","@graph":[{"@type":"WebPage","@id":"https:\/\/oxygenyachting.com\/?page_id=4348","url":"https:\/\/oxygenyachting.com\/?page_id=4348","name":"GULET TIRHANDIL - Oxygen \u2502 Brokerage \u2502 Services \u2502 Consultancy \u2502 &lt;8&gt;","isPartOf":{"@id":"https:\/\/oxygenyachting.com\/#website"},"primaryImageOfPage":{"@id":"https:\/\/oxygenyachting.com\/?page_id=4348#primaryimage"},"image":{"@id":"https:\/\/oxygenyachting.com\/?page_id=4348#primaryimage"},"thumbnailUrl":"https:\/\/oxygenyachting.com\/wp-content\/uploads\/2022\/12\/WhatsApp-Image-2022-01-16-at-20.59.31-1-e1670689390702.jpeg","datePublished":"2022-12-12T18:24:59+00:00","dateModified":"2022-12-12T18:31:58+00:00","breadcrumb":{"@id":"https:\/\/oxygenyachting.com\/?page_id=4348#breadcrumb"},"inLanguage":"tr","potentialAction":[{"@type":"ReadAction","target":["https:\/\/oxygenyachting.com\/?page_id=4348"]}]},{"@type":"ImageObject","inLanguage":"tr","@id":"https:\/\/oxygenyachting.com\/?page_id=4348#primaryimage","url":"https:\/\/oxygenyachting.com\/wp-content\/uploads\/2022\/12\/WhatsApp-Image-2022-01-16-at-20.59.31-1-e1670689390702.jpeg","contentUrl":"https:\/\/oxygenyachting.com\/wp-content\/uploads\/2022\/12\/WhatsApp-Image-2022-01-16-at-20.59.31-1-e1670689390702.jpeg","width":1600,"height":866},{"@type":"BreadcrumbList","@id":"https:\/\/oxygenyachting.com\/?page_id=4348#breadcrumb","itemListElement":[{"@type":"ListItem","position":1,"name":"Anasayfa","item":"https:\/\/oxygenyachting.com\/"},{"@type":"ListItem","position":2,"name":"Brokerage","item":"https:\/\/oxygenyachting.com\/?page_id=4234"},{"@type":"ListItem","position":3,"name":"GULET TIRHANDIL"}]},{"@type":"WebSite","@id":"https:\/\/oxygenyachting.com\/#website","url":"https:\/\/oxygenyachting.com\/","name":"Oxygen Yachting - Charter \u2502 Brokerage \u2502 Agency \u2502 Concierge \u2502 8 \u2502","description":"","publisher":{"@id":"https:\/\/oxygenyachting.com\/#organization"},"potentialAction":[{"@type":"SearchAction","target":{"@type":"EntryPoint","urlTemplate":"https:\/\/oxygenyachting.com\/?s={search_term_string}"},"query-input":{"@type":"PropertyValueSpecification","valueRequired":true,"valueName":"search_term_string"}}],"inLanguage":"tr"},{"@type":"Organization","@id":"https:\/\/oxygenyachting.com\/#organization","name":"Oxygen Yachting","url":"https:\/\/oxygenyachting.com\/","logo":{"@type":"ImageObject","inLanguage":"tr","@id":"https:\/\/oxygenyachting.com\/#\/schema\/logo\/image\/","url":"http:\/\/oxygenyachting.com\/wp-content\/uploads\/2022\/12\/cropped-cropped-Oxygen_Logo-01-scaled-1.jpg","contentUrl":"http:\/\/oxygenyachting.com\/wp-content\/uploads\/2022\/12\/cropped-cropped-Oxygen_Logo-01-scaled-1.jpg","width":512,"height":512,"caption":"Oxygen Yachting"},"image":{"@id":"https:\/\/oxygenyachting.com\/#\/schema\/logo\/image\/"},"sameAs":["https:\/\/www.facebook.com\/OxygenYachting\/","https:\/\/z-p15.www.instagram.com","https:\/\/www.linkedin.com\/company\/oxygen-yachting\/?viewAsMember=true"]}]}},"_links":{"self":[{"href":"https:\/\/oxygenyachting.com\/index.php?rest_route=\/wp\/v2\/pages\/4348","targetHints":{"allow":["GET"]}}],"collection":[{"href":"https:\/\/oxygenyachting.com\/index.php?rest_route=\/wp\/v2\/pages"}],"about":[{"href":"https:\/\/oxygenyachting.com\/index.php?rest_route=\/wp\/v2\/types\/page"}],"author":[{"embeddable":true,"href":"https:\/\/oxygenyachting.com\/index.php?rest_route=\/wp\/v2\/users\/1"}],"replies":[{"embeddable":true,"href":"https:\/\/oxygenyachting.com\/index.php?rest_route=%2Fwp%2Fv2%2Fcomments&post=4348"}],"version-history":[{"count":2,"href":"https:\/\/oxygenyachting.com\/index.php?rest_route=\/wp\/v2\/pages\/4348\/revisions"}],"predecessor-version":[{"id":4350,"href":"https:\/\/oxygenyachting.com\/index.php?rest_route=\/wp\/v2\/pages\/4348\/revisions\/4350"}],"up":[{"embeddable":true,"href":"https:\/\/oxygenyachting.com\/index.php?rest_route=\/wp\/v2\/pages\/4234"}],"wp:featuredmedia":[{"embeddable":true,"href":"https:\/\/oxygenyachting.com\/index.php?rest_route=\/wp\/v2\/media\/4123"}],"wp:attachment":[{"href":"https:\/\/oxygenyachting.com\/index.php?rest_route=%2Fwp%2Fv2%2Fmedia&parent=4348"}],"curies":[{"name":"wp","href":"https:\/\/api.w.org\/{rel}","templated":true}]}}